{"id":186,"date":"2024-12-29T23:22:05","date_gmt":"2024-12-29T23:22:05","guid":{"rendered":"https:\/\/lauraines.de\/?page_id=186"},"modified":"2025-05-06T12:12:15","modified_gmt":"2025-05-06T12:12:15","slug":"terms-and-conditions","status":"publish","type":"page","link":"https:\/\/lauraines.de\/?page_id=186","title":{"rendered":"Terms and conditions"},"content":{"rendered":"\t\t<div data-elementor-type=\"wp-page\" data-elementor-id=\"186\" class=\"elementor elementor-186\" data-elementor-post-type=\"page\">\n\t\t\t\t<div class=\"elementor-element elementor-element-15d06aff e-flex e-con-boxed elementor-invisible e-con e-parent\" data-id=\"15d06aff\" data-element_type=\"container\" data-e-type=\"container\" data-settings=\"{&quot;animation&quot;:&quot;fadeIn&quot;,&quot;background_background&quot;:&quot;classic&quot;}\">\n\t\t\t\t\t<div class=\"e-con-inner\">\n\t\t\t\t\t<\/div>\n\t\t\t\t<\/div>\n\t\t<div class=\"elementor-element elementor-element-21e7287f e-flex e-con-boxed elementor-invisible e-con e-parent\" data-id=\"21e7287f\" data-element_type=\"container\" data-e-type=\"container\" data-settings=\"{&quot;animation&quot;:&quot;fadeIn&quot;,&quot;background_background&quot;:&quot;classic&quot;}\">\n\t\t\t\t\t<div class=\"e-con-inner\">\n\t\t\t\t<div class=\"elementor-element elementor-element-1632f66f elementor-widget elementor-widget-text-editor\" data-id=\"1632f66f\" data-element_type=\"widget\" data-e-type=\"widget\" data-widget_type=\"text-editor.default\">\n\t\t\t\t<div class=\"elementor-widget-container\">\n\t\t\t\t\t\t\t\t\t<div><div><div><div><h4>Angaben gem\u00e4\u00df \u00a7 5 TMG<\/h4><\/div><\/div><div><div><p>Laura Busche, Ms.Confidence<br \/>Sonnenberger Stra\u00dfe 82 65193 Wiesbaden<br \/>www.lauraines.de<\/p><\/div><\/div><\/div><\/div><div><div><div><h4 class=\"et_pb_module_header et-fb-editable-element et-fb-editable-element__editing\" contenteditable=\"true\" data-shortcode-id=\"0.1.0.0-1606318003215\" data-quickaccess-id=\"header\">Kontakt<\/h4><\/div><\/div><div><p>E-Mail: hello@msconfidence.de<\/p><\/div><\/div><div><div><p>Steuernummer:\u00a0 040 808 65368<\/p><\/div><\/div><div><div><div><div><h4 class=\"et_pb_module_header et-fb-editable-element et-fb-editable-element__editing\" contenteditable=\"true\" data-shortcode-id=\"0.2.0.0-1606318003246\" data-quickaccess-id=\"header\">Streitschlichtung<\/h4><\/div><\/div><div><div><p>Die Europ\u00e4ische Kommission stellt eine Plattform zur Online- Streitbeilegung (OS) bereit:\u00a0<a href=\"http:\/\/ec.europa.eu\/consumers\/odr\">https:\/\/ec.europa.eu\/consumers\/odr<\/a><br \/>Unsere E-Mail-Adresse finden Sie oben im Impressum.<\/p><p>Wir sind nicht bereit oder verpflichtet, an Streitbeilegungsverfahren vor einer Verbraucherschlichtungsstelle teilzunehmen.<\/p><\/div><\/div><\/div><\/div><div><div><div><div><h4 class=\"et_pb_module_header et-fb-editable-element et-fb-editable-element__editing\" contenteditable=\"true\" data-shortcode-id=\"0.2.0.0-1606318003246\" data-quickaccess-id=\"header\">Haftung f\u00fcr Inhalt<\/h4><\/div><\/div><div><div><p>Als Diensteanbieter sind wir gem\u00e4\u00df \u00a7 7 Abs.1 TMG f\u00fcr eigene Inhalte auf diesen Seiten nach den allgemeinen Gesetzen verantwortlich. Nach \u00a7\u00a7 8 bis 10 TMG sind wir als Diensteanbieter jedoch nicht verpflichtet, \u00fcbermittelte oder gespeicherte fremde Informationen zu \u00fcberwachen oder nach Umst\u00e4nden zu forschen, die auf eine rechtswidrige T\u00e4tigkeit hinweisen.<\/p><p>Verpflichtungen zur Entfernung oder Sperrung der Nutzung von Informationen nach den allgemeinen Gesetzen bleiben hiervon unber\u00fchrt. Eine diesbez\u00fcgliche Haftung ist jedoch erst ab dem Zeitpunkt der Kenntnis einer konkreten Rechtsverletzung m\u00f6glich. Bei Bekanntwerden von entsprechenden Rechtsverletzungen werden wir diese Inhalte umgehend entfernen.<\/p><\/div><\/div><\/div><\/div><div><div><div><div><h4 class=\"et_pb_module_header et-fb-editable-element et-fb-editable-element__editing\" contenteditable=\"true\" data-shortcode-id=\"0.2.0.0-1606318003246\" data-quickaccess-id=\"header\">Haftung f\u00fcr Links<\/h4><\/div><\/div><div><div><p>Unser Angebot enth\u00e4lt Links zu externen Webseiten Dritter, auf deren Inhalte wir keinen Einfluss haben. Deshalb k\u00f6nnen wir f\u00fcr diese fremden Inhalte auch keine Gew\u00e4hr \u00fcbernehmen. F\u00fcr die Inhalte der verlinkten Seiten ist stets der jeweilige Anbieter oder Betreiber der Seiten verantwortlich. Die verlinkten Seiten wurden zum Zeitpunkt der Verlinkung auf m\u00f6gliche Rechtsverst\u00f6\u00dfe \u00fcberpr\u00fcft. Rechtswidrige Inhalte waren zum Zeitpunkt der Verlinkung nicht erkennbar.<\/p><p>Eine permanente inhaltliche Kontrolle der verlinkten Seiten ist jedoch ohne konkrete Anhaltspunkte einer Rechtsverletzung nicht zumutbar. Bei Bekanntwerden von Rechtsverletzungen werden wir derartige Links umgehend entfernen.<\/p><\/div><\/div><\/div><\/div><div><div><div><div><h4 class=\"et_pb_module_header et-fb-editable-element et-fb-editable-element__editing\" contenteditable=\"true\" data-shortcode-id=\"0.2.0.0-1606318003246\" data-quickaccess-id=\"header\">Urheberrecht<\/h4><\/div><\/div><div><div><p>Die durch die Seitenbetreiber erstellten Inhalte und Werke auf diesen Seiten unterliegen dem deutschen Urheberrecht. Die Vervielf\u00e4ltigung, Bearbeitung, Verbreitung und jede Art der Verwertung au\u00dferhalb der Grenzen des Urheberrechtes bed\u00fcrfen der schriftlichen Zustimmung des jeweiligen Autors bzw. Erstellers. Downloads und Kopien dieser Seite sind nur f\u00fcr den privaten, nicht kommerziellen Gebrauch gestattet.<\/p><p>Soweit die Inhalte auf dieser Seite nicht vom Betreiber erstellt wurden, werden die Urheberrechte Dritter beachtet. Insbesondere werden Inhalte Dritter als solche gekennzeichnet. Sollten Sie trotzdem auf eine Urheberrechtsverletzung aufmerksam werden, bitten wir um einen entsprechenden Hinweis. Bei Bekanntwerden von Rechtsverletzungen werden wir derartige Inhalte umgehend entfernen.<\/p><p>Quelle:\u00a0<a href=\"https:\/\/www.e-recht24.de\/\">https:\/\/www.e-recht24.de<\/a><\/p><\/div><\/div><\/div><\/div><p><!-- \/wp:paragraph --><\/p>\t\t\t\t\t\t\t\t<\/div>\n\t\t\t\t<\/div>\n\t\t\t\t\t<\/div>\n\t\t\t\t<\/div>\n\t\t\t\t<\/div>\n\t\t","protected":false},"excerpt":{"rendered":"<p>Angaben gem\u00e4\u00df \u00a7 5 TMG Laura Busche, Ms.ConfidenceSonnenberger Stra\u00dfe 82 65193 Wiesbadenwww.lauraines.de Kontakt E-Mail: hello@msconfidence.de Steuernummer:\u00a0 040 808 65368 Streitschlichtung Die Europ\u00e4ische Kommission stellt eine Plattform zur Online- Streitbeilegung (OS) bereit:\u00a0https:\/\/ec.europa.eu\/consumers\/odrUnsere E-Mail-Adresse finden Sie oben im Impressum. Wir sind nicht bereit oder verpflichtet, an Streitbeilegungsverfahren vor einer Verbraucherschlichtungsstelle teilzunehmen. Haftung f\u00fcr Inhalt Als Diensteanbieter sind [&hellip;]<\/p>\n","protected":false},"author":1,"featured_media":0,"parent":0,"menu_order":0,"comment_status":"closed","ping_status":"closed","template":"","meta":{"inline_featured_image":false,"_themeisle_gutenberg_block_has_review":false,"footnotes":""},"class_list":["post-186","page","type-page","status-publish","hentry"],"yoast_head":"<!-- This site is optimized with the Yoast SEO plugin v27.5 - https:\/\/yoast.com\/product\/yoast-seo-wordpress\/ -->\n<title>Terms and conditions - DBTNG by Laura Busche<\/title>\n<meta name=\"robots\" content=\"index, follow, max-snippet:-1, max-image-preview:large, max-video-preview:-1\" \/>\n<link rel=\"canonical\" href=\"https:\/\/lauraines.de\/?page_id=186\" \/>\n<meta property=\"og:locale\" content=\"de_DE\" \/>\n<meta property=\"og:type\" content=\"article\" \/>\n<meta property=\"og:title\" content=\"Terms and conditions - DBTNG by Laura Busche\" \/>\n<meta property=\"og:description\" content=\"Angaben gem\u00e4\u00df \u00a7 5 TMG Laura Busche, Ms.ConfidenceSonnenberger Stra\u00dfe 82 65193 Wiesbadenwww.lauraines.de Kontakt E-Mail: hello@msconfidence.de Steuernummer:\u00a0 040 808 65368 Streitschlichtung Die Europ\u00e4ische Kommission stellt eine Plattform zur Online- Streitbeilegung (OS) bereit:\u00a0https:\/\/ec.europa.eu\/consumers\/odrUnsere E-Mail-Adresse finden Sie oben im Impressum. Wir sind nicht bereit oder verpflichtet, an Streitbeilegungsverfahren vor einer Verbraucherschlichtungsstelle teilzunehmen. Haftung f\u00fcr Inhalt Als Diensteanbieter sind [&hellip;]\" \/>\n<meta property=\"og:url\" content=\"https:\/\/lauraines.de\/?page_id=186\" \/>\n<meta property=\"og:site_name\" content=\"DBTNG by Laura Busche\" \/>\n<meta property=\"article:modified_time\" content=\"2025-05-06T12:12:15+00:00\" \/>\n<meta name=\"twitter:card\" content=\"summary_large_image\" \/>\n<meta name=\"twitter:label1\" content=\"Gesch\u00e4tzte Lesezeit\" \/>\n\t<meta name=\"twitter:data1\" content=\"2\u00a0Minuten\" \/>\n<script type=\"application\/ld+json\" class=\"yoast-schema-graph\">{\"@context\":\"https:\\\/\\\/schema.org\",\"@graph\":[{\"@type\":\"WebPage\",\"@id\":\"https:\\\/\\\/lauraines.de\\\/?page_id=186\",\"url\":\"https:\\\/\\\/lauraines.de\\\/?page_id=186\",\"name\":\"Terms and conditions - DBTNG by Laura Busche\",\"isPartOf\":{\"@id\":\"https:\\\/\\\/lauraines.de\\\/#website\"},\"datePublished\":\"2024-12-29T23:22:05+00:00\",\"dateModified\":\"2025-05-06T12:12:15+00:00\",\"breadcrumb\":{\"@id\":\"https:\\\/\\\/lauraines.de\\\/?page_id=186#breadcrumb\"},\"inLanguage\":\"de\",\"potentialAction\":[{\"@type\":\"ReadAction\",\"target\":[\"https:\\\/\\\/lauraines.de\\\/?page_id=186\"]}]},{\"@type\":\"BreadcrumbList\",\"@id\":\"https:\\\/\\\/lauraines.de\\\/?page_id=186#breadcrumb\",\"itemListElement\":[{\"@type\":\"ListItem\",\"position\":1,\"name\":\"Startseite\",\"item\":\"https:\\\/\\\/lauraines.de\\\/\"},{\"@type\":\"ListItem\",\"position\":2,\"name\":\"Terms and conditions\"}]},{\"@type\":\"WebSite\",\"@id\":\"https:\\\/\\\/lauraines.de\\\/#website\",\"url\":\"https:\\\/\\\/lauraines.de\\\/\",\"name\":\"DBTNG by Laura Busche\",\"description\":\"\",\"potentialAction\":[{\"@type\":\"SearchAction\",\"target\":{\"@type\":\"EntryPoint\",\"urlTemplate\":\"https:\\\/\\\/lauraines.de\\\/?s={search_term_string}\"},\"query-input\":{\"@type\":\"PropertyValueSpecification\",\"valueRequired\":true,\"valueName\":\"search_term_string\"}}],\"inLanguage\":\"de\"}]}<\/script>\n<!-- \/ Yoast SEO plugin. -->","yoast_head_json":{"title":"Terms and conditions - DBTNG by Laura Busche","robots":{"index":"index","follow":"follow","max-snippet":"max-snippet:-1","max-image-preview":"max-image-preview:large","max-video-preview":"max-video-preview:-1"},"canonical":"https:\/\/lauraines.de\/?page_id=186","og_locale":"de_DE","og_type":"article","og_title":"Terms and conditions - DBTNG by Laura Busche","og_description":"Angaben gem\u00e4\u00df \u00a7 5 TMG Laura Busche, Ms.ConfidenceSonnenberger Stra\u00dfe 82 65193 Wiesbadenwww.lauraines.de Kontakt E-Mail: hello@msconfidence.de Steuernummer:\u00a0 040 808 65368 Streitschlichtung Die Europ\u00e4ische Kommission stellt eine Plattform zur Online- Streitbeilegung (OS) bereit:\u00a0https:\/\/ec.europa.eu\/consumers\/odrUnsere E-Mail-Adresse finden Sie oben im Impressum. Wir sind nicht bereit oder verpflichtet, an Streitbeilegungsverfahren vor einer Verbraucherschlichtungsstelle teilzunehmen. Haftung f\u00fcr Inhalt Als Diensteanbieter sind [&hellip;]","og_url":"https:\/\/lauraines.de\/?page_id=186","og_site_name":"DBTNG by Laura Busche","article_modified_time":"2025-05-06T12:12:15+00:00","twitter_card":"summary_large_image","twitter_misc":{"Gesch\u00e4tzte Lesezeit":"2\u00a0Minuten"},"schema":{"@context":"https:\/\/schema.org","@graph":[{"@type":"WebPage","@id":"https:\/\/lauraines.de\/?page_id=186","url":"https:\/\/lauraines.de\/?page_id=186","name":"Terms and conditions - DBTNG by Laura Busche","isPartOf":{"@id":"https:\/\/lauraines.de\/#website"},"datePublished":"2024-12-29T23:22:05+00:00","dateModified":"2025-05-06T12:12:15+00:00","breadcrumb":{"@id":"https:\/\/lauraines.de\/?page_id=186#breadcrumb"},"inLanguage":"de","potentialAction":[{"@type":"ReadAction","target":["https:\/\/lauraines.de\/?page_id=186"]}]},{"@type":"BreadcrumbList","@id":"https:\/\/lauraines.de\/?page_id=186#breadcrumb","itemListElement":[{"@type":"ListItem","position":1,"name":"Startseite","item":"https:\/\/lauraines.de\/"},{"@type":"ListItem","position":2,"name":"Terms and conditions"}]},{"@type":"WebSite","@id":"https:\/\/lauraines.de\/#website","url":"https:\/\/lauraines.de\/","name":"DBTNG by Laura Busche","description":"","potentialAction":[{"@type":"SearchAction","target":{"@type":"EntryPoint","urlTemplate":"https:\/\/lauraines.de\/?s={search_term_string}"},"query-input":{"@type":"PropertyValueSpecification","valueRequired":true,"valueName":"search_term_string"}}],"inLanguage":"de"}]}},"_links":{"self":[{"href":"https:\/\/lauraines.de\/index.php?rest_route=\/wp\/v2\/pages\/186","targetHints":{"allow":["GET"]}}],"collection":[{"href":"https:\/\/lauraines.de\/index.php?rest_route=\/wp\/v2\/pages"}],"about":[{"href":"https:\/\/lauraines.de\/index.php?rest_route=\/wp\/v2\/types\/page"}],"author":[{"embeddable":true,"href":"https:\/\/lauraines.de\/index.php?rest_route=\/wp\/v2\/users\/1"}],"replies":[{"embeddable":true,"href":"https:\/\/lauraines.de\/index.php?rest_route=%2Fwp%2Fv2%2Fcomments&post=186"}],"version-history":[{"count":10,"href":"https:\/\/lauraines.de\/index.php?rest_route=\/wp\/v2\/pages\/186\/revisions"}],"predecessor-version":[{"id":850,"href":"https:\/\/lauraines.de\/index.php?rest_route=\/wp\/v2\/pages\/186\/revisions\/850"}],"wp:attachment":[{"href":"https:\/\/lauraines.de\/index.php?rest_route=%2Fwp%2Fv2%2Fmedia&parent=186"}],"curies":[{"name":"wp","href":"https:\/\/api.w.org\/{rel}","templated":true}]}}